{"id":108,"date":"2017-11-17T09:15:45","date_gmt":"2017-11-17T09:15:45","guid":{"rendered":"http:\/\/wirtualneszlaki.pl\/sklep\/?post_type=product&#038;p=108"},"modified":"2022-05-16T09:02:38","modified_gmt":"2022-05-16T09:02:38","slug":"zespol-parkow-krajobrazowych-nadwislanskiego-chelminskiego-mapa-cyfrowa","status":"publish","type":"product","link":"https:\/\/wirtualneszlaki.pl\/sklep\/produkt\/zespol-parkow-krajobrazowych-nadwislanskiego-chelminskiego-mapa-cyfrowa\/","title":{"rendered":"Zespo\u0142 Park\u00f3w Krajobrazowych Nadwi\u015bla\u0144skiego i Che\u0142mi\u0144skiego (mapa cyfrowa)"},"content":{"rendered":"","protected":false},"excerpt":{"rendered":"Dolina Dolnej Wis\u0142y, okolice Bydgoszczy, Che\u0142mna, \u015awiecia, Grudzi\u0105dza\r\n\r\nMapy do program\u00f3w Locus\/OruxMaps i TrekBuddy\r\n\r\n<a href=\"https:\/\/wirtualneszlaki.pl\/aktualnosci\/jak-zainstalowac-mapy-w-locus-free-na-androida\" target=\"_blank\" rel=\"noopener noreferrer\">Jak zainstalowa\u0107 aplikacj\u0119 Locus i \u00a0mapy na telefonie?<\/a>","protected":false},"featured_media":97,"comment_status":"open","ping_status":"closed","template":"","meta":{"_acf_changed":false,"_et_pb_use_builder":"","_et_pb_old_content":"","_et_gb_content_width":""},"product_brand":[],"product_cat":[20,19],"product_tag":[],"okolice":[],"powiaty":[],"gminy":[],"obszary_chronione":[],"mezoregiony":[],"miejscowosci":[],"wojewodztwa":[],"class_list":{"0":"post-108","1":"product","2":"type-product","3":"status-publish","4":"has-post-thumbnail","6":"product_cat-mapy-cyfrowe","7":"product_cat-darmowe","9":"first","10":"instock","11":"downloadable","12":"virtual","13":"purchasable","14":"product-type-simple"},"acf":[],"_links":{"self":[{"href":"https:\/\/wirtualneszlaki.pl\/sklep\/wp-json\/wp\/v2\/product\/108","targetHints":{"allow":["GET"]}}],"collection":[{"href":"https:\/\/wirtualneszlaki.pl\/sklep\/wp-json\/wp\/v2\/product"}],"about":[{"href":"https:\/\/wirtualneszlaki.pl\/sklep\/wp-json\/wp\/v2\/types\/product"}],"replies":[{"embeddable":true,"href":"https:\/\/wirtualneszlaki.pl\/sklep\/wp-json\/wp\/v2\/comments?post=108"}],"wp:featuredmedia":[{"embeddable":true,"href":"https:\/\/wirtualneszlaki.pl\/sklep\/wp-json\/wp\/v2\/media\/97"}],"wp:attachment":[{"href":"https:\/\/wirtualneszlaki.pl\/sklep\/wp-json\/wp\/v2\/media?parent=108"}],"wp:term":[{"taxonomy":"product_brand","embeddable":true,"href":"https:\/\/wirtualneszlaki.pl\/sklep\/wp-json\/wp\/v2\/product_brand?post=108"},{"taxonomy":"product_cat","embeddable":true,"href":"https:\/\/wirtualneszlaki.pl\/sklep\/wp-json\/wp\/v2\/product_cat?post=108"},{"taxonomy":"product_tag","embeddable":true,"href":"https:\/\/wirtualneszlaki.pl\/sklep\/wp-json\/wp\/v2\/product_tag?post=108"},{"taxonomy":"okolice","embeddable":true,"href":"https:\/\/wirtualneszlaki.pl\/sklep\/wp-json\/wp\/v2\/okolice?post=108"},{"taxonomy":"powiaty","embeddable":true,"href":"https:\/\/wirtualneszlaki.pl\/sklep\/wp-json\/wp\/v2\/powiaty?post=108"},{"taxonomy":"gminy","embeddable":true,"href":"https:\/\/wirtualneszlaki.pl\/sklep\/wp-json\/wp\/v2\/gminy?post=108"},{"taxonomy":"obszary_chronione","embeddable":true,"href":"https:\/\/wirtualneszlaki.pl\/sklep\/wp-json\/wp\/v2\/obszary_chronione?post=108"},{"taxonomy":"mezoregiony","embeddable":true,"href":"https:\/\/wirtualneszlaki.pl\/sklep\/wp-json\/wp\/v2\/mezoregiony?post=108"},{"taxonomy":"miejscowosci","embeddable":true,"href":"https:\/\/wirtualneszlaki.pl\/sklep\/wp-json\/wp\/v2\/miejscowosci?post=108"},{"taxonomy":"wojewodztwa","embeddable":true,"href":"https:\/\/wirtualneszlaki.pl\/sklep\/wp-json\/wp\/v2\/wojewodztwa?post=108"}],"curies":[{"name":"wp","href":"https:\/\/api.w.org\/{rel}","templated":true}]}}