{"id":123,"date":"2017-11-17T10:08:13","date_gmt":"2017-11-17T10:08:13","guid":{"rendered":"http:\/\/wirtualneszlaki.pl\/sklep\/?post_type=product&#038;p=123"},"modified":"2023-06-01T08:52:48","modified_gmt":"2023-06-01T08:52:48","slug":"przewodnik-borach-tucholskich-7-mapami-k-karasiewicz-ebook","status":"publish","type":"product","link":"https:\/\/wirtualneszlaki.pl\/sklep\/produkt\/przewodnik-borach-tucholskich-7-mapami-k-karasiewicz-ebook\/","title":{"rendered":"Przewodnik po Borach Tucholskich z 7 mapami &#8211; K. Karasiewicz (ebook)"},"content":{"rendered":"<p><strong>Kup za ile chcesz!<\/strong><\/p>\n<p>Wersja elektroniczna przewodnika zosta\u0142a przygotowana za pomoc\u0105 profesjonalnego programu do rozpoznawania tekstu (OCR), dzi\u0119ki czemu zachowa\u0142 o styl i klimat orygina\u0142u, a jednocze\u015bnie jest wygodny do przeszukiwania i czytania na nowoczesnych czytnikach ebook\u00f3w.<\/p>\n<p>Orygina\u0142 znajduje si\u0119 w domenie publicznej.<\/p>\n<p>&nbsp;<\/p>\n","protected":false},"excerpt":{"rendered":"\u201cPrzewodnik po Borach Tucholskich z 7 mapami\u201d autorstwa dra Kazimierza Karasiewicza zosta\u0142 wydany w 1922 roku. W znacznym stopniu przyczyni\u0142 si\u0119 do popularyzacji Bor\u00f3w Tucholskich. Wszystkie z przedstawionych w publikacji wycieczek mo\u017cna odby\u0107 wsp\u00f3\u0142cze\u015bnie, a korzystanie z tego przewodnika pozwoli na ma\u0142\u0105 podr\u00f3\u017c w czasie.\r\n\r\nZa przewodnik <strong>mo\u017cesz zap\u0142aci\u0107 ile chcesz<\/strong>. Jest to wynagrodzenie wy\u0142\u0105cznie za prac\u0119 w\u0142o\u017con\u0105 w przygotowanie jego elektronicznej wersji. <strong>Tak, mo\u017cesz te\u017c ustawi\u0107 0 z\u0142 i <\/strong>pobra\u0107 przewodnik<strong> za friko (tak jak wi\u0119kszo\u015b\u0107 os\u00f3b), <\/strong>ale Tw\u00f3j drobny wyraz wdzi\u0119czno\u015bci, mo\u017ce &#8222;<strong>zrobi\u0107 mi dzie\u0144<\/strong><b>&#8221; <\/b>i na pewno zmotywuje do opracowywania kolejnych bezp\u0142atnych materia\u0142\u00f3w<b>.\u00a0<\/b>\r\n\r\nW komplecie do przewodnika polecamy dok\u0142adn\u0105 <a href=\"https:\/\/wirtualneszlaki.pl\/sklep\/produkt\/tucholski-park-krajobrazowy-mapa-cyfrowa-150-000\/\">map\u0119 cyfrow\u0105 Bor\u00f3w Tucholskich wydawnictwa Eko-Kapio<\/a>\u00a0(dost\u0119pn\u0105 w wersji na aplikacje mobilne i wygodnego pliku pdf)\r\n\r\n<strong>Formaty:<\/strong> pdf, epub, mobi (czytniki Kindle)\r\n\r\n<strong>Cena sugerowana &#8211; zap\u0142a\u0107 ile chcesz po wybraniu formatu!<\/strong>","protected":false},"featured_media":124,"comment_status":"open","ping_status":"closed","template":"","meta":{"_acf_changed":false,"_et_pb_use_builder":"","_et_pb_old_content":"","_et_gb_content_width":""},"product_brand":[],"product_cat":[18,19,25],"product_tag":[],"okolice":[],"powiaty":[],"gminy":[],"obszary_chronione":[],"mezoregiony":[],"miejscowosci":[],"wojewodztwa":[],"class_list":{"0":"post-123","1":"product","2":"type-product","3":"status-publish","4":"has-post-thumbnail","6":"product_cat-przewodniki","7":"product_cat-darmowe","8":"product_cat-e-booki","10":"first","11":"instock","12":"featured","13":"shipping-taxable","14":"purchasable","15":"product-type-variable"},"acf":[],"_links":{"self":[{"href":"https:\/\/wirtualneszlaki.pl\/sklep\/wp-json\/wp\/v2\/product\/123","targetHints":{"allow":["GET"]}}],"collection":[{"href":"https:\/\/wirtualneszlaki.pl\/sklep\/wp-json\/wp\/v2\/product"}],"about":[{"href":"https:\/\/wirtualneszlaki.pl\/sklep\/wp-json\/wp\/v2\/types\/product"}],"replies":[{"embeddable":true,"href":"https:\/\/wirtualneszlaki.pl\/sklep\/wp-json\/wp\/v2\/comments?post=123"}],"wp:featuredmedia":[{"embeddable":true,"href":"https:\/\/wirtualneszlaki.pl\/sklep\/wp-json\/wp\/v2\/media\/124"}],"wp:attachment":[{"href":"https:\/\/wirtualneszlaki.pl\/sklep\/wp-json\/wp\/v2\/media?parent=123"}],"wp:term":[{"taxonomy":"product_brand","embeddable":true,"href":"https:\/\/wirtualneszlaki.pl\/sklep\/wp-json\/wp\/v2\/product_brand?post=123"},{"taxonomy":"product_cat","embeddable":true,"href":"https:\/\/wirtualneszlaki.pl\/sklep\/wp-json\/wp\/v2\/product_cat?post=123"},{"taxonomy":"product_tag","embeddable":true,"href":"https:\/\/wirtualneszlaki.pl\/sklep\/wp-json\/wp\/v2\/product_tag?post=123"},{"taxonomy":"okolice","embeddable":true,"href":"https:\/\/wirtualneszlaki.pl\/sklep\/wp-json\/wp\/v2\/okolice?post=123"},{"taxonomy":"powiaty","embeddable":true,"href":"https:\/\/wirtualneszlaki.pl\/sklep\/wp-json\/wp\/v2\/powiaty?post=123"},{"taxonomy":"gminy","embeddable":true,"href":"https:\/\/wirtualneszlaki.pl\/sklep\/wp-json\/wp\/v2\/gminy?post=123"},{"taxonomy":"obszary_chronione","embeddable":true,"href":"https:\/\/wirtualneszlaki.pl\/sklep\/wp-json\/wp\/v2\/obszary_chronione?post=123"},{"taxonomy":"mezoregiony","embeddable":true,"href":"https:\/\/wirtualneszlaki.pl\/sklep\/wp-json\/wp\/v2\/mezoregiony?post=123"},{"taxonomy":"miejscowosci","embeddable":true,"href":"https:\/\/wirtualneszlaki.pl\/sklep\/wp-json\/wp\/v2\/miejscowosci?post=123"},{"taxonomy":"wojewodztwa","embeddable":true,"href":"https:\/\/wirtualneszlaki.pl\/sklep\/wp-json\/wp\/v2\/wojewodztwa?post=123"}],"curies":[{"name":"wp","href":"https:\/\/api.w.org\/{rel}","templated":true}]}}