{"id":2194,"date":"2020-12-07T10:33:54","date_gmt":"2020-12-07T10:33:54","guid":{"rendered":"https:\/\/wirtualneszlaki.pl\/sklep\/?post_type=product&#038;p=2194"},"modified":"2024-03-15T09:42:25","modified_gmt":"2024-03-15T09:42:25","slug":"tucholski-park-krajobrazowy-mapa-cyfrowa-150-000","status":"publish","type":"product","link":"https:\/\/wirtualneszlaki.pl\/sklep\/produkt\/tucholski-park-krajobrazowy-mapa-cyfrowa-150-000\/","title":{"rendered":"Tucholski Park Krajobrazowy &#8211; mapa PDF &#8211; 1:50 000"},"content":{"rendered":"<p>Bardzo dok\u0142adna mapa kujawsko-pomorskiej cz\u0119\u015bci Bor\u00f3w Tucholskich. Czytelny rysunek zawiera informacje m.in. o:<\/p>\n<ul>\n<li>szlakach pieszych, rowerowych i kajakowych w okolicy (w tym szlak Brdy)<\/li>\n<li>atrakcjach, ciekawych miejscach, zabytkach i obiektach przyrodniczych<\/li>\n<li>rze\u017abie i pokryciu terenu (lasy, jeziora)<\/li>\n<\/ul>\n<h2>Zakres mapy<\/h2>\n<p>Mapa obejmuje obszar Bor\u00f3w Tucholskich w okolicach Tucholi, Rytla i Czerska, du\u017cy fragment Zalewu Koronowskiego i Brdy.<\/p>\n<h2>Uk\u0142ad wsp\u00f3\u0142rz\u0119dnych<\/h2>\n<p>&#8222;PUWG 1992&#8243;(UK\u0141AD 1992, UK\u0141AD 92, ETRS89 \/ Poland CS92, Kod EPSG: 2180)<\/p>\n<p>(brak siatki geograficznej)<\/p>\n<h2>Skala<\/h2>\n<p>1:50 000 (idealna do w\u0119dr\u00f3wek pieszych i wycieczek rowerowych)<\/p>\n<h2>Dost\u0119pne formaty<\/h2>\n<ul>\n<li>plik .pdf &#8211; do wygodnego przegl\u0105dania na komputerze, telefonie<\/li>\n<li>plik .tar &#8211; kompatybilny z aplikacjami TrekBuddy i Locus Map<\/li>\n<li>plik .sqlitedb &#8211; kompatybilny z popularnymi aplikacjami nawigacyjnymi OsmAnd i Locus Map<\/li>\n<li>plik .mbtiles &#8211; do zastosowania w niekt\u00f3rych aplikacjach mobilnych (Locus Map, OruxMaps)<\/li>\n<li>plik .png + pliki kalibracyjne (.gmi, .jpr, .map, .mcd, .p2g, .txr, .cal, tfw) &#8211; umo\u017cliwiaj\u0105 wy\u015bwietlenie mapy i przekonwertowanie do innych format\u00f3w w programach QGIS, OziExplorer i innych<\/li>\n<\/ul>\n","protected":false},"excerpt":{"rendered":"<strong>Dostawa: <\/strong>natychmiast (plik do pobrania)","protected":false},"featured_media":2200,"comment_status":"open","ping_status":"closed","template":"","meta":{"_acf_changed":false,"_et_pb_use_builder":"","_et_pb_old_content":"","_et_gb_content_width":""},"product_brand":[],"product_cat":[20,234,1641,1703],"product_tag":[],"okolice":[1347,1417,1384,1398,1342,1385,1318,478,398,1396,1311,1327,1371,258,265,1372,1363,1364,453,691,1312,473,1406,466,812,1400,463,789,1401,291,272,1353,1418,1316,1407,452,714,1419,1408,1360,1402,1328,436,1320,1354,1319,1309,1420,1310,455,723,1386,1439,1421,1387,1365,1409,248,470,1403,1373,268,1410,1317,1343,1329,1422,267,1423,1424,1374,1388,1375,1325,1425,1376,1330,1307,1411,1399,1366,454,244,1377,1331,1426,1427,1428,1378,1344,1429,1430,1348,1313,1431,1345,1349,1389,1332,1390,1404,1367,1432,1321,1397,1412,1333,1355,1379,1380,1308,465,815,1440,1437,1322,377,1356,480,1413,1357,1368,479,275,474,1324,259,1358,1350,1391,1414,1381,1405,1433,1392,472,1306,1415,1314,456,752,1382,1416,1393,333,471,1334,1346,1394,1438,449,264,440,241,1441,1369,1335,458,755,260,475,1361,441,426,477,1370,1323,1434,1351,1395,1352,1336,1337,1362,1315,274,1338,476,321,1326,1359,1339,396,1435,1340,1341,1442,1436,1383],"powiaty":[489,488,483,486,485,487,484],"gminy":[1009,936,512,1010,634,611,535,1007,1008,544,863,1005,557,1006,637,1004,574,508,577],"obszary_chronione":[661,660,662,664,663],"mezoregiony":[666,665,669,668,667],"miejscowosci":[1053,1124,1091,1105,1048,1092,1020,1017,1103,1031,1078,1079,1069,1070,643,1113,656,1107,653,1108,1047,1059,1125,1018,1114,642,1126,1115,1066,1109,1032,1027,1022,1060,1021,1127,645,1093,1147,1128,1094,1071,1116,1110,1080,1117,1019,1049,1033,1129,1130,1131,1081,1095,1082,1028,1132,1083,1034,1118,1106,1072,644,1084,1035,1133,1134,1135,1085,1050,1136,1137,1054,1011,1138,1051,1055,1096,1036,1097,1111,1073,1139,1023,1104,1119,1037,1061,1086,1087,655,1148,1144,1024,1038,1062,1120,1063,1074,1026,996,1064,1056,1098,1121,1088,1112,1140,1099,1122,1013,646,1089,1123,1100,1012,1039,1052,1101,1146,1075,641,1149,1076,1040,648,1067,1029,1014,1077,1025,1141,1057,1102,1058,1041,1042,1068,1015,1043,1016,1030,1065,1044,1145,1142,1045,1046,1150,1143,1090],"wojewodztwa":[482,481],"class_list":{"0":"post-2194","1":"product","2":"type-product","3":"status-publish","4":"has-post-thumbnail","6":"product_cat-mapy-cyfrowe","7":"product_cat-komercyjne","8":"product_cat-mapy-pdf","9":"product_cat-wydawnictwo-eko-kapio","10":"okolice-bagienica","11":"okolice-bedzmierowice","12":"okolice-biala","13":"okolice-bialowieza","14":"okolice-bieszewo","15":"okolice-bladowo","16":"okolice-bladzim","17":"okolice-bory-tucholskie","18":"okolice-branica","19":"okolice-brody","20":"okolice-brusy-gmina","21":"okolice-brzozie","22":"okolice-brzozowe-blota","23":"okolice-bukowiec-gmina","24":"okolice-bydgoski-powiat","25":"okolice-bylyczek","26":"okolice-byslaw","27":"okolice-byslawek","28":"okolice-cekcyn","29":"okolice-cekcyn-gmina","30":"okolice-chojnice-gmina","31":"okolice-chojnicki-powiat","32":"okolice-ciechocin","33":"okolice-czarna-woda","34":"okolice-czarna-woda-gmina","35":"okolice-czarniz","36":"okolice-czersk","37":"okolice-czersk-gmina","38":"okolice-czyczkowy","39":"okolice-debowiec","40":"okolice-dolina-brdy","41":"okolice-drozdzienica","42":"okolice-duza-klonia","43":"okolice-franciszkowo","44":"okolice-gockowice","45":"okolice-gostycyn","46":"okolice-gostycyn-gmina","47":"okolice-gotelp","48":"okolice-granowo","49":"okolice-grochowo","50":"okolice-huta","51":"okolice-iwiec","52":"okolice-jania-gora","53":"okolice-jedrzejewo","54":"okolice-jelencz","55":"okolice-jeziorki","56":"okolice-kaliska-gmina","57":"okolice-kamionka","58":"okolice-karsin-gmina","59":"okolice-kesowo","60":"okolice-kesowo-gmina","61":"okolice-kielpin","62":"okolice-klaniny","63":"okolice-klaskawa","64":"okolice-klocek","65":"okolice-klonowo","66":"okolice-klodawa","67":"okolice-koronowo-gmina","68":"okolice-koscierski-powiat","69":"okolice-kosobudy","70":"okolice-krag","71":"okolice-krajenski-park-krajobrazowy","72":"okolice-krojanty","73":"okolice-krupocin","74":"okolice-kruszka","75":"okolice-krzywogoniec","76":"okolice-krzyz","77":"okolice-kujawsko-pomorskie","78":"okolice-kurcze","79":"okolice-kwieki","80":"okolice-laski","81":"okolice-legbad","82":"okolice-linsk","83":"okolice-lipienica","84":"okolice-lipki","85":"okolice-lipowa","86":"okolice-lisiny","87":"okolice-lniano-gmina","88":"okolice-lotyn","89":"okolice-lubierzyn","90":"okolice-lubiewice","91":"okolice-lubiewo","92":"okolice-lubiewo-gmina","93":"okolice-lubocien","94":"okolice-ludwichowo","95":"okolice-lutom","96":"okolice-lag","97":"okolice-lag-kolonia","98":"okolice-laski-piec","99":"okolice-losiny","100":"okolice-lubna","101":"okolice-lukowo","102":"okolice-lyskowo","103":"okolice-makowarsko","104":"okolice-malachin","105":"okolice-mala-huta","106":"okolice-mala-klonia","107":"okolice-mala-komorza","108":"okolice-male-gacno","109":"okolice-maly-medromierz","110":"okolice-mecikal","111":"okolice-minikowo","112":"okolice-mokre","113":"okolice-mukrz","114":"okolice-niwki","115":"okolice-nowa-cerkiew","116":"okolice-nowy-sumin","117":"okolice-obrowo","118":"okolice-okoniny","119":"okolice-okoniny-nadjeziorne","120":"okolice-osie-gmina","121":"okolice-osieczna","122":"okolice-osieczna-gmina","123":"okolice-osowek","124":"okolice-osowo","125":"okolice-ostrowite","126":"okolice-ostrowo","127":"okolice-pamietowo","128":"okolice-park-narodowy-bory-tucholskie","129":"okolice-pawlowo","130":"okolice-piastoszyn","131":"okolice-plazowo","132":"okolice-pojezierze-polnocnokrajenskie","133":"okolice-pojezierze-poludniowokrajenskie","134":"okolice-pomorskie","135":"okolice-pruskie","136":"okolice-pruszcz","137":"okolice-przymuszewo","138":"okolice-przyrowa","139":"okolice-raciaz","140":"okolice-raclawki","141":"okolice-rosochatka","142":"okolice-rudziny","143":"okolice-rytel","144":"okolice-rzepiczna","145":"okolice-sepolenski-powiat","146":"okolice-sepolno-krajenskie-gmina","147":"okolice-silno","148":"okolice-skarpa","149":"okolice-sliwice","150":"okolice-sliwice-gmina","151":"okolice-sliwiczki","152":"okolice-slawecin","153":"okolice-slupy","154":"okolice-sokole-kuznica","155":"okolice-starogardzki-powiat","156":"okolice-stary-sumin","157":"okolice-stary-wierzchucin","158":"okolice-stobno","159":"okolice-studzienice","160":"okolice-sucha","161":"okolice-swiecki-powiat","162":"okolice-swiekatowo","163":"okolice-swiekatowo-gmina","164":"okolice-szlachta","165":"okolice-trutnowo","166":"okolice-trzebciny","167":"okolice-tuchola","168":"okolice-tuchola-gmina","169":"okolice-tucholski-powiat","170":"okolice-tucholski-park-krajobrazowy","171":"okolice-tucholka","172":"okolice-tuszyny","173":"okolice-waldowo","174":"okolice-wdecki-park-krajobrazowy","175":"okolice-welpin","176":"okolice-wetfie","177":"okolice-wieck","178":"okolice-wielka-klonia","179":"okolice-wielka-komorza","180":"okolice-wielki-medromierz","181":"okolice-wielkie-budziska","182":"okolice-wielkie-gacno","183":"okolice-wieszczyce","184":"okolice-wilkowo","185":"okolice-wysoczyzna-swiecka","186":"okolice-wysoka","187":"okolice-zaborski-park-krajobrazowy","188":"okolice-zalesie","189":"okolice-zalesie-krolewskie","190":"okolice-zalno","191":"okolice-zamarte","192":"okolice-zamosc","193":"okolice-zapedowo","194":"okolice-zdroje","195":"okolice-zielonka","196":"okolice-zimne-zdroje","197":"okolice-zlotowo","198":"okolice-zwierzyniec","199":"powiaty-bydgoski-powiat","200":"powiaty-chojnicki-powiat","201":"powiaty-koscierski-powiat","202":"powiaty-sepolenski-powiat","203":"powiaty-starogardzki-powiat","204":"powiaty-swiecki-powiat","205":"powiaty-tucholski-powiat","206":"gminy-brusy-gmina","207":"gminy-bukowiec-gmina","208":"gminy-cekcyn-gmina","209":"gminy-chojnice-gmina","210":"gminy-czarna-woda-gmina","211":"gminy-czersk-gmina","212":"gminy-gostycyn-gmina","213":"gminy-kaliska-gmina","214":"gminy-karsin-gmina","215":"gminy-kesowo-gmina","216":"gminy-koronowo-gmina","217":"gminy-lniano-gmina","218":"gminy-lubiewo-gmina","219":"gminy-osie-gmina","220":"gminy-osieczna-gmina","221":"gminy-sepolno-krajenskie-gmina","222":"gminy-sliwice-gmina","223":"gminy-swiekatowo-gmina","224":"gminy-tuchola-gmina","225":"obszary_chronione-krajenski-park-krajobrazowy","226":"obszary_chronione-park-narodowy-bory-tucholskie","227":"obszary_chronione-tucholski-park-krajobrazowy","228":"obszary_chronione-wdecki-park-krajobrazowy","229":"obszary_chronione-zaborski-park-krajobrazowy","230":"mezoregiony-bory-tucholskie","231":"mezoregiony-dolina-brdy","232":"mezoregiony-pojezierze-polnocnokrajenskie","233":"mezoregiony-pojezierze-poludniowokrajenskie","234":"mezoregiony-wysoczyzna-swiecka","235":"miejscowosci-bagienica","236":"miejscowosci-bedzmierowice","237":"miejscowosci-biala","238":"miejscowosci-bialowieza","239":"miejscowosci-bieszewo","240":"miejscowosci-bladowo","241":"miejscowosci-bladzim","242":"miejscowosci-branica","243":"miejscowosci-brody","244":"miejscowosci-brzozie","245":"miejscowosci-brzozowe-blota","246":"miejscowosci-bylyczek","247":"miejscowosci-byslaw","248":"miejscowosci-byslawek","249":"miejscowosci-cekcyn","250":"miejscowosci-ciechocin","251":"miejscowosci-czarna-woda","252":"miejscowosci-czarniz","253":"miejscowosci-czersk","254":"miejscowosci-czyczkowy","255":"miejscowosci-debowiec","256":"miejscowosci-drozdzienica","257":"miejscowosci-duza-klonia","258":"miejscowosci-franciszkowo","259":"miejscowosci-gockowice","260":"miejscowosci-gostycyn","261":"miejscowosci-gotelp","262":"miejscowosci-granowo","263":"miejscowosci-grochowo","264":"miejscowosci-huta","265":"miejscowosci-iwiec","266":"miejscowosci-jania-gora","267":"miejscowosci-jedrzejewo","268":"miejscowosci-jelencz","269":"miejscowosci-jeziorki","270":"miejscowosci-kamionka","271":"miejscowosci-kesowo","272":"miejscowosci-kielpin","273":"miejscowosci-klaniny","274":"miejscowosci-klaskawa","275":"miejscowosci-klocek","276":"miejscowosci-klonowo","277":"miejscowosci-klodawa","278":"miejscowosci-kosobudy","279":"miejscowosci-krag","280":"miejscowosci-krojanty","281":"miejscowosci-krupocin","282":"miejscowosci-kruszka","283":"miejscowosci-krzywogoniec","284":"miejscowosci-krzyz","285":"miejscowosci-kurcze","286":"miejscowosci-kwieki","287":"miejscowosci-laski","288":"miejscowosci-legbad","289":"miejscowosci-linsk","290":"miejscowosci-lipienica","291":"miejscowosci-lipki","292":"miejscowosci-lipowa","293":"miejscowosci-lisiny","294":"miejscowosci-lotyn","295":"miejscowosci-lubierzyn","296":"miejscowosci-lubiewice","297":"miejscowosci-lubiewo","298":"miejscowosci-lubocien","299":"miejscowosci-ludwichowo","300":"miejscowosci-lutom","301":"miejscowosci-lag","302":"miejscowosci-lag-kolonia","303":"miejscowosci-laski-piec","304":"miejscowosci-losiny","305":"miejscowosci-lubna","306":"miejscowosci-lukowo","307":"miejscowosci-lyskowo","308":"miejscowosci-makowarsko","309":"miejscowosci-malachin","310":"miejscowosci-mala-huta","311":"miejscowosci-mala-klonia","312":"miejscowosci-mala-komorza","313":"miejscowosci-male-gacno","314":"miejscowosci-maly-medromierz","315":"miejscowosci-mecikal","316":"miejscowosci-minikowo","317":"miejscowosci-mokre","318":"miejscowosci-mukrz","319":"miejscowosci-niwki","320":"miejscowosci-nowa-cerkiew","321":"miejscowosci-nowy-sumin","322":"miejscowosci-obrowo","323":"miejscowosci-okoniny","324":"miejscowosci-okoniny-nadjeziorne","325":"miejscowosci-osieczna","326":"miejscowosci-osowek","327":"miejscowosci-osowo","328":"miejscowosci-ostrowite","329":"miejscowosci-ostrowo","330":"miejscowosci-pamietowo","331":"miejscowosci-pawlowo","332":"miejscowosci-piastoszyn","333":"miejscowosci-plazowo","334":"miejscowosci-pruskie","335":"miejscowosci-pruszcz","336":"miejscowosci-przymuszewo","337":"miejscowosci-przyrowa","338":"miejscowosci-raciaz","339":"miejscowosci-raclawki","340":"miejscowosci-rosochatka","341":"miejscowosci-rudziny","342":"miejscowosci-rytel","343":"miejscowosci-rzepiczna","344":"miejscowosci-silno","345":"miejscowosci-skarpa","346":"miejscowosci-sliwice","347":"miejscowosci-sliwiczki","348":"miejscowosci-slawecin","349":"miejscowosci-slupy","350":"miejscowosci-sokole-kuznica","351":"miejscowosci-stary-sumin","352":"miejscowosci-stary-wierzchucin","353":"miejscowosci-stobno","354":"miejscowosci-studzienice","355":"miejscowosci-sucha","356":"miejscowosci-swiekatowo","357":"miejscowosci-szlachta","358":"miejscowosci-trutnowo","359":"miejscowosci-trzebciny","360":"miejscowosci-tuchola","361":"miejscowosci-tucholka","362":"miejscowosci-tuszyny","363":"miejscowosci-waldowo","364":"miejscowosci-welpin","365":"miejscowosci-wetfie","366":"miejscowosci-wieck","367":"miejscowosci-wielka-klonia","368":"miejscowosci-wielka-komorza","369":"miejscowosci-wielki-medromierz","370":"miejscowosci-wielkie-budziska","371":"miejscowosci-wielkie-gacno","372":"miejscowosci-wieszczyce","373":"miejscowosci-wilkowo","374":"miejscowosci-wysoka","375":"miejscowosci-zalesie","376":"miejscowosci-zalesie-krolewskie","377":"miejscowosci-zalno","378":"miejscowosci-zamarte","379":"miejscowosci-zamosc","380":"miejscowosci-zapedowo","381":"miejscowosci-zdroje","382":"miejscowosci-zielonka","383":"miejscowosci-zimne-zdroje","384":"miejscowosci-zlotowo","385":"miejscowosci-zwierzyniec","386":"wojewodztwa-kujawsko-pomorskie","387":"wojewodztwa-pomorskie","389":"first","390":"instock","391":"featured","392":"shipping-taxable","393":"purchasable","394":"product-type-variable","395":"has-default-attributes"},"acf":[],"_links":{"self":[{"href":"https:\/\/wirtualneszlaki.pl\/sklep\/wp-json\/wp\/v2\/product\/2194","targetHints":{"allow":["GET"]}}],"collection":[{"href":"https:\/\/wirtualneszlaki.pl\/sklep\/wp-json\/wp\/v2\/product"}],"about":[{"href":"https:\/\/wirtualneszlaki.pl\/sklep\/wp-json\/wp\/v2\/types\/product"}],"replies":[{"embeddable":true,"href":"https:\/\/wirtualneszlaki.pl\/sklep\/wp-json\/wp\/v2\/comments?post=2194"}],"wp:featuredmedia":[{"embeddable":true,"href":"https:\/\/wirtualneszlaki.pl\/sklep\/wp-json\/wp\/v2\/media\/2200"}],"wp:attachment":[{"href":"https:\/\/wirtualneszlaki.pl\/sklep\/wp-json\/wp\/v2\/media?parent=2194"}],"wp:term":[{"taxonomy":"product_brand","embeddable":true,"href":"https:\/\/wirtualneszlaki.pl\/sklep\/wp-json\/wp\/v2\/product_brand?post=2194"},{"taxonomy":"product_cat","embeddable":true,"href":"https:\/\/wirtualneszlaki.pl\/sklep\/wp-json\/wp\/v2\/product_cat?post=2194"},{"taxonomy":"product_tag","embeddable":true,"href":"https:\/\/wirtualneszlaki.pl\/sklep\/wp-json\/wp\/v2\/product_tag?post=2194"},{"taxonomy":"okolice","embeddable":true,"href":"https:\/\/wirtualneszlaki.pl\/sklep\/wp-json\/wp\/v2\/okolice?post=2194"},{"taxonomy":"powiaty","embeddable":true,"href":"https:\/\/wirtualneszlaki.pl\/sklep\/wp-json\/wp\/v2\/powiaty?post=2194"},{"taxonomy":"gminy","embeddable":true,"href":"https:\/\/wirtualneszlaki.pl\/sklep\/wp-json\/wp\/v2\/gminy?post=2194"},{"taxonomy":"obszary_chronione","embeddable":true,"href":"https:\/\/wirtualneszlaki.pl\/sklep\/wp-json\/wp\/v2\/obszary_chronione?post=2194"},{"taxonomy":"mezoregiony","embeddable":true,"href":"https:\/\/wirtualneszlaki.pl\/sklep\/wp-json\/wp\/v2\/mezoregiony?post=2194"},{"taxonomy":"miejscowosci","embeddable":true,"href":"https:\/\/wirtualneszlaki.pl\/sklep\/wp-json\/wp\/v2\/miejscowosci?post=2194"},{"taxonomy":"wojewodztwa","embeddable":true,"href":"https:\/\/wirtualneszlaki.pl\/sklep\/wp-json\/wp\/v2\/wojewodztwa?post=2194"}],"curies":[{"name":"wp","href":"https:\/\/api.w.org\/{rel}","templated":true}]}}