{"id":2218,"date":"2020-12-08T14:12:57","date_gmt":"2020-12-08T14:12:57","guid":{"rendered":"https:\/\/wirtualneszlaki.pl\/sklep\/?post_type=product&#038;p=2218"},"modified":"2024-03-15T09:41:52","modified_gmt":"2024-03-15T09:41:52","slug":"park-narodowy-bory-tucholskie-i-zaborski-pk-mapa-pdf","status":"publish","type":"product","link":"https:\/\/wirtualneszlaki.pl\/sklep\/produkt\/park-narodowy-bory-tucholskie-i-zaborski-pk-mapa-pdf\/","title":{"rendered":"Park Narodowy Bory Tucholskie i Zaborski PK &#8211; mapa PDF"},"content":{"rendered":"<p>Bardzo dok\u0142adna mapa Parku Narodowego Bory Tucholskie, Zaborskiego Parku Krajobrazowego i pomorskiej cz\u0119\u015bci Bor\u00f3w Tucholskich. Czytelny rysunek zawiera informacje m.in. o:<\/p>\n<ul>\n<li>szlakach turystycznych (pieszych, rowerowych, konnych, kajakowych &#8211; w tym szlak Brdy)<\/li>\n<li>atrakcjach, ciekawych miejscach, zabytkach i obiektach przyrodniczych<\/li>\n<li>rze\u017abie i pokryciu terenu (lasy, jeziora)<\/li>\n<\/ul>\n<h2>Zakres mapy<\/h2>\n<p>Mapa obejmuje obszar Bor\u00f3w Tucholskich w okolicach Chojnic w tym szlaki rowerowej tzw. <a href=\"https:\/\/wirtualneszlaki.pl\/okolice_regionu\/kaszubska-marszruta\" target=\"_blank\" rel=\"noopener noreferrer\">Kaszubskiej Marszruty<\/a><\/p>\n<h2>Uk\u0142ad wsp\u00f3\u0142rz\u0119dnych<\/h2>\n<p>&#8222;PUWG 1992&#8243;(UK\u0141AD 1992, UK\u0141AD 92, ETRS89 \/ Poland CS92, Kod EPSG: 2180)<\/p>\n<p>(mapa posiada siatk\u0119 geograficzn\u0105)<\/p>\n<h2>Skala<\/h2>\n<p>1:50 000 (idealna do w\u0119dr\u00f3wek pieszych i wycieczek rowerowych)<\/p>\n<h2>Dost\u0119pne formaty<\/h2>\n<ul>\n<li>plik .pdf &#8211; do wygodnego przegl\u0105dania na komputerze, telefonie<\/li>\n<li>plik .tar &#8211; kompatybilny z aplikacjami TrekBuddy i Locus Map (w przygotowaniu)<\/li>\n<li>plik .sqlitedb &#8211; kompatybilny z popularnymi aplikacjami nawigacyjnymi OsmAnd i Locus Map (w przygotowaniu)<\/li>\n<li>plik .mbtiles &#8211; do zastosowania w niekt\u00f3rych aplikacjach mobilnych (Locus Map, OruxMaps) (w przygotowaniu)<\/li>\n<li>plik .png + pliki kalibracyjne (.gmi, .jpr, .map, .mcd, .p2g, .txr, .cal, tfw) &#8211; umo\u017cliwiaj\u0105 wy\u015bwietlenie mapy i przekonwertowanie do innych format\u00f3w w programach QGIS, OziExplorer i innych (w przygotowaniu)<\/li>\n<\/ul>\n","protected":false},"excerpt":{"rendered":"<strong>Dostawa: <\/strong>natychmiast (plik do pobrania)\r\n\r\n<strong>Data wydania:<\/strong> 2019 r.","protected":false},"featured_media":2417,"comment_status":"open","ping_status":"closed","template":"","meta":{"_acf_changed":false,"_et_pb_use_builder":"","_et_pb_old_content":"","_et_gb_content_width":""},"product_brand":[],"product_cat":[20,234,1641,1703],"product_tag":[],"okolice":[468,1586,1598,1552,478,1553,1311,409,1637,1547,1587,1597,469,1312,473,1588,1599,1572,1564,1400,1607,443,1589,789,1606,1635,1546,1401,1626,1615,1418,1620,1639,1616,1608,1573,1407,1402,1590,1621,1622,1554,1310,1574,1555,1386,1565,1409,1609,1600,1601,1634,1591,470,1403,1410,1343,349,1614,267,1424,1575,1592,1556,1638,1628,1629,1640,1411,1576,1557,1426,1558,1577,1578,1404,1559,1602,1548,1593,1610,1412,1617,1579,1566,1322,1560,1545,480,1594,1413,1623,1619,1549,1543,479,1611,474,1561,1567,1636,1568,1358,1627,1391,1414,1624,1550,1580,1542,1405,1612,1433,1618,1613,1551,1415,1581,1569,1631,1570,1438,813,1595,1630,1625,755,260,475,1632,1571,1544,1582,379,1583,1584,1562,1633,1338,1585,476,321,1563,1435,1596,1603,1604,1605],"powiaty":[1537,488,1536,483,484],"gminy":[1009,1446,1010,611,1444,1448,1008,1443,1447,1449,1445,635,577],"obszary_chronione":[1539,660,662,1538,663],"mezoregiony":[666,1541,669,1540],"miejscowosci":[1488,1500,1454,1455,658,1272,1489,1499,659,1490,1501,1474,1466,1107,1509,1301,1491,1508,1108,1528,1517,1125,1522,1518,1510,1475,1114,1109,1492,1523,1524,1456,1476,1457,1093,1467,1116,1511,1502,1503,1493,1110,1117,1049,1218,1516,1131,1477,1494,1458,1530,1531,1118,1478,1459,1133,1460,1479,1480,1111,1461,1504,1450,1495,1512,1119,1519,1481,1468,1024,1462,1496,1120,1525,1521,1451,1513,1463,1469,1470,1064,1529,1098,1121,1526,1452,1482,1112,1514,1140,1520,1515,1453,1122,1483,1471,1533,1472,1146,1497,1532,1527,1534,1473,1484,1246,1485,1486,1464,1535,1043,1487,1016,1465,1142,1498,1505,1506,1507],"wojewodztwa":[482,481],"class_list":{"0":"post-2218","1":"product","2":"type-product","3":"status-publish","4":"has-post-thumbnail","6":"product_cat-mapy-cyfrowe","7":"product_cat-komercyjne","8":"product_cat-mapy-pdf","9":"product_cat-wydawnictwo-eko-kapio","10":"okolice-brusy","11":"okolice-angowice","12":"okolice-binduga","13":"okolice-borowy-mlyn","14":"okolice-bory-tucholskie","15":"okolice-borzyszkowy","16":"okolice-brusy-gmina","17":"okolice-brzezno","18":"okolice-bytow-gmina","19":"okolice-bytowski-powiat","20":"okolice-charzykowy","21":"okolice-chojnaty","22":"okolice-chojnice","23":"okolice-chojnice-gmina","24":"okolice-chojnicki-powiat","25":"okolice-chojniczki","26":"okolice-ciecholewy","27":"okolice-czapiewice","28":"okolice-czarna-dabrowa","29":"okolice-czarniz","30":"okolice-czarnoszyce","31":"okolice-czarnowo","32":"okolice-czartolomie","33":"okolice-czersk-gmina","34":"okolice-czluchow","35":"okolice-czluchow-gmina","36":"okolice-czluchowski-powiat","37":"okolice-czyczkowy","38":"okolice-dabrowa","39":"okolice-dabrowa-czluchowska","40":"okolice-duza-klonia","41":"okolice-dziemiany","42":"okolice-dziemiany-gmina","43":"okolice-garbek","44":"okolice-gledowo","45":"okolice-glowczewice","46":"okolice-gockowice","47":"okolice-huta","48":"okolice-jarcewo","49":"okolice-jastrzebie-dziemianskie","50":"okolice-kalisz","51":"okolice-karpno","52":"okolice-karsin-gmina","53":"okolice-kaszuba","54":"okolice-kiedrowice","55":"okolice-kielpin","56":"okolice-klaczno","57":"okolice-klodawa","58":"okolice-koldowo","59":"okolice-konarzynki","60":"okolice-konarzyny","61":"okolice-konarzyny-gmina","62":"okolice-kopernica","63":"okolice-koscierski-powiat","64":"okolice-kosobudy","65":"okolice-krojanty","66":"okolice-kruszka","67":"okolice-kruszyn","68":"okolice-krzyzanki","69":"okolice-kujawsko-pomorskie","70":"okolice-kwieki","71":"okolice-lesno","72":"okolice-lichnowy","73":"okolice-lipnica","74":"okolice-lipnica-gmina","75":"okolice-lipuska-huta","76":"okolice-lipusz","77":"okolice-lipusz-gmina","78":"okolice-lotyn","79":"okolice-lubnia","80":"okolice-lubon","81":"okolice-lutom","82":"okolice-lakie","83":"okolice-male-chelmy","84":"okolice-male-glisno","85":"okolice-mecikal","86":"okolice-mielno","87":"okolice-nierostowo","88":"okolice-niezabyszewo","89":"okolice-niezychowice","90":"okolice-niezywiec","91":"okolice-nowa-cerkiew","92":"okolice-nowa-wies","93":"okolice-orlik","94":"okolice-oslawa-dabrowa","95":"okolice-ostrowite","96":"okolice-osusznica","97":"okolice-park-krajobrazowy-dolina-slupi","98":"okolice-park-narodowy-bory-tucholskie","99":"okolice-pawlowko","100":"okolice-pawlowo","101":"okolice-piechowice","102":"okolice-plaszczyca","103":"okolice-plotowo","104":"okolice-pojezierze-bytowskie","105":"okolice-pojezierze-polnocnokrajenskie","106":"okolice-polnica","107":"okolice-pomorskie","108":"okolice-pradzona","109":"okolice-pradzonka","110":"okolice-przechlewo-gmina","111":"okolice-przewoz","112":"okolice-przymuszewo","113":"okolice-przytarnia","114":"okolice-raciaz","115":"okolice-raclawki","116":"okolice-radun","117":"okolice-rekowo","118":"okolice-rolbik","119":"okolice-rownina-charzykowska","120":"okolice-rudziny","121":"okolice-rychnowy","122":"okolice-rytel","123":"okolice-sapolno","124":"okolice-sieroczyn","125":"okolice-sierzno","126":"okolice-silno","127":"okolice-skoszewo","128":"okolice-skwierawy","129":"okolice-sluza","130":"okolice-sominy","131":"okolice-studzienice","132":"okolice-studzienice-gmina","133":"okolice-swornegacie","134":"okolice-szklana-huta","135":"okolice-trzebun","136":"okolice-tuchola-gmina","137":"okolice-tucholski-powiat","138":"okolice-tucholski-park-krajobrazowy","139":"okolice-tuszkowy","140":"okolice-ugoszcz","141":"okolice-wdzydzki-park-krajobrazowy","142":"okolice-widno","143":"okolice-wiele","144":"okolice-wielkie-chelmy","145":"okolice-windorp","146":"okolice-wojsk","147":"okolice-wyrowno","148":"okolice-wysoka","149":"okolice-wysoka-zaborska","150":"okolice-zaborski-park-krajobrazowy","151":"okolice-zalesie","152":"okolice-zapcen","153":"okolice-zapedowo","154":"okolice-zbeniny","155":"okolice-zielona-chocina","156":"okolice-zielona-huta","157":"okolice-zychce","158":"powiaty-bytowski-powiat","159":"powiaty-chojnicki-powiat","160":"powiaty-czluchowski-powiat","161":"powiaty-koscierski-powiat","162":"powiaty-tucholski-powiat","163":"gminy-brusy-gmina","164":"gminy-bytow-gmina","165":"gminy-chojnice-gmina","166":"gminy-czersk-gmina","167":"gminy-czluchow-gmina","168":"gminy-dziemiany-gmina","169":"gminy-karsin-gmina","170":"gminy-konarzyny-gmina","171":"gminy-lipnica-gmina","172":"gminy-lipusz-gmina","173":"gminy-przechlewo-gmina","174":"gminy-studzienice-gmina","175":"gminy-tuchola-gmina","176":"obszary_chronione-park-krajobrazowy-dolina-slupi","177":"obszary_chronione-park-narodowy-bory-tucholskie","178":"obszary_chronione-tucholski-park-krajobrazowy","179":"obszary_chronione-wdzydzki-park-krajobrazowy","180":"obszary_chronione-zaborski-park-krajobrazowy","181":"mezoregiony-bory-tucholskie","182":"mezoregiony-pojezierze-bytowskie","183":"mezoregiony-pojezierze-polnocnokrajenskie","184":"mezoregiony-rownina-charzykowska","185":"miejscowosci-angowice","186":"miejscowosci-binduga","187":"miejscowosci-borowy-mlyn","188":"miejscowosci-borzyszkowy","189":"miejscowosci-brusy","190":"miejscowosci-brzezno","191":"miejscowosci-charzykowy","192":"miejscowosci-chojnaty","193":"miejscowosci-chojnice","194":"miejscowosci-chojniczki","195":"miejscowosci-ciecholewy","196":"miejscowosci-czapiewice","197":"miejscowosci-czarna-dabrowa","198":"miejscowosci-czarniz","199":"miejscowosci-czarnoszyce","200":"miejscowosci-czarnowo","201":"miejscowosci-czartolomie","202":"miejscowosci-czluchow","203":"miejscowosci-czyczkowy","204":"miejscowosci-dabrowa","205":"miejscowosci-dabrowa-czluchowska","206":"miejscowosci-duza-klonia","207":"miejscowosci-dziemiany","208":"miejscowosci-garbek","209":"miejscowosci-gledowo","210":"miejscowosci-glowczewice","211":"miejscowosci-gockowice","212":"miejscowosci-huta","213":"miejscowosci-jarcewo","214":"miejscowosci-jastrzebie-dziemianskie","215":"miejscowosci-kalisz","216":"miejscowosci-karpno","217":"miejscowosci-kaszuba","218":"miejscowosci-kiedrowice","219":"miejscowosci-kielpin","220":"miejscowosci-klaczno","221":"miejscowosci-klodawa","222":"miejscowosci-koldowo","223":"miejscowosci-konarzynki","224":"miejscowosci-konarzyny","225":"miejscowosci-kopernica","226":"miejscowosci-kosobudy","227":"miejscowosci-krojanty","228":"miejscowosci-kruszka","229":"miejscowosci-kruszyn","230":"miejscowosci-krzyzanki","231":"miejscowosci-kwieki","232":"miejscowosci-lesno","233":"miejscowosci-lichnowy","234":"miejscowosci-lipnica","235":"miejscowosci-lipuska-huta","236":"miejscowosci-lipusz","237":"miejscowosci-lotyn","238":"miejscowosci-lubnia","239":"miejscowosci-lubon","240":"miejscowosci-lutom","241":"miejscowosci-lakie","242":"miejscowosci-male-chelmy","243":"miejscowosci-male-glisno","244":"miejscowosci-mecikal","245":"miejscowosci-mielno","246":"miejscowosci-nierostowo","247":"miejscowosci-niezabyszewo","248":"miejscowosci-niezychowice","249":"miejscowosci-niezywiec","250":"miejscowosci-nowa-cerkiew","251":"miejscowosci-nowa-wies","252":"miejscowosci-orlik","253":"miejscowosci-oslawa-dabrowa","254":"miejscowosci-ostrowite","255":"miejscowosci-osusznica","256":"miejscowosci-pawlowko","257":"miejscowosci-pawlowo","258":"miejscowosci-piechowice","259":"miejscowosci-plaszczyca","260":"miejscowosci-plotowo","261":"miejscowosci-polnica","262":"miejscowosci-pradzona","263":"miejscowosci-pradzonka","264":"miejscowosci-przewoz","265":"miejscowosci-przymuszewo","266":"miejscowosci-przytarnia","267":"miejscowosci-raciaz","268":"miejscowosci-raclawki","269":"miejscowosci-radun","270":"miejscowosci-rekowo","271":"miejscowosci-rolbik","272":"miejscowosci-rudziny","273":"miejscowosci-rychnowy","274":"miejscowosci-rytel","275":"miejscowosci-sapolno","276":"miejscowosci-sieroczyn","277":"miejscowosci-sierzno","278":"miejscowosci-silno","279":"miejscowosci-skoszewo","280":"miejscowosci-skwierawy","281":"miejscowosci-sluza","282":"miejscowosci-sominy","283":"miejscowosci-studzienice","284":"miejscowosci-swornegacie","285":"miejscowosci-szklana-huta","286":"miejscowosci-trzebun","287":"miejscowosci-tuszkowy","288":"miejscowosci-ugoszcz","289":"miejscowosci-widno","290":"miejscowosci-wiele","291":"miejscowosci-wielkie-chelmy","292":"miejscowosci-windorp","293":"miejscowosci-wojsk","294":"miejscowosci-wyrowno","295":"miejscowosci-wysoka","296":"miejscowosci-wysoka-zaborska","297":"miejscowosci-zalesie","298":"miejscowosci-zapcen","299":"miejscowosci-zapedowo","300":"miejscowosci-zbeniny","301":"miejscowosci-zielona-chocina","302":"miejscowosci-zielona-huta","303":"miejscowosci-zychce","304":"wojewodztwa-kujawsko-pomorskie","305":"wojewodztwa-pomorskie","307":"first","308":"instock","309":"featured","310":"shipping-taxable","311":"purchasable","312":"product-type-variable","313":"has-default-attributes"},"acf":[],"_links":{"self":[{"href":"https:\/\/wirtualneszlaki.pl\/sklep\/wp-json\/wp\/v2\/product\/2218","targetHints":{"allow":["GET"]}}],"collection":[{"href":"https:\/\/wirtualneszlaki.pl\/sklep\/wp-json\/wp\/v2\/product"}],"about":[{"href":"https:\/\/wirtualneszlaki.pl\/sklep\/wp-json\/wp\/v2\/types\/product"}],"replies":[{"embeddable":true,"href":"https:\/\/wirtualneszlaki.pl\/sklep\/wp-json\/wp\/v2\/comments?post=2218"}],"wp:featuredmedia":[{"embeddable":true,"href":"https:\/\/wirtualneszlaki.pl\/sklep\/wp-json\/wp\/v2\/media\/2417"}],"wp:attachment":[{"href":"https:\/\/wirtualneszlaki.pl\/sklep\/wp-json\/wp\/v2\/media?parent=2218"}],"wp:term":[{"taxonomy":"product_brand","embeddable":true,"href":"https:\/\/wirtualneszlaki.pl\/sklep\/wp-json\/wp\/v2\/product_brand?post=2218"},{"taxonomy":"product_cat","embeddable":true,"href":"https:\/\/wirtualneszlaki.pl\/sklep\/wp-json\/wp\/v2\/product_cat?post=2218"},{"taxonomy":"product_tag","embeddable":true,"href":"https:\/\/wirtualneszlaki.pl\/sklep\/wp-json\/wp\/v2\/product_tag?post=2218"},{"taxonomy":"okolice","embeddable":true,"href":"https:\/\/wirtualneszlaki.pl\/sklep\/wp-json\/wp\/v2\/okolice?post=2218"},{"taxonomy":"powiaty","embeddable":true,"href":"https:\/\/wirtualneszlaki.pl\/sklep\/wp-json\/wp\/v2\/powiaty?post=2218"},{"taxonomy":"gminy","embeddable":true,"href":"https:\/\/wirtualneszlaki.pl\/sklep\/wp-json\/wp\/v2\/gminy?post=2218"},{"taxonomy":"obszary_chronione","embeddable":true,"href":"https:\/\/wirtualneszlaki.pl\/sklep\/wp-json\/wp\/v2\/obszary_chronione?post=2218"},{"taxonomy":"mezoregiony","embeddable":true,"href":"https:\/\/wirtualneszlaki.pl\/sklep\/wp-json\/wp\/v2\/mezoregiony?post=2218"},{"taxonomy":"miejscowosci","embeddable":true,"href":"https:\/\/wirtualneszlaki.pl\/sklep\/wp-json\/wp\/v2\/miejscowosci?post=2218"},{"taxonomy":"wojewodztwa","embeddable":true,"href":"https:\/\/wirtualneszlaki.pl\/sklep\/wp-json\/wp\/v2\/wojewodztwa?post=2218"}],"curies":[{"name":"wp","href":"https:\/\/api.w.org\/{rel}","templated":true}]}}