{"id":2410,"date":"2021-04-26T09:01:56","date_gmt":"2021-04-26T09:01:56","guid":{"rendered":"https:\/\/wirtualneszlaki.pl\/sklep\/?post_type=product&#038;p=2410"},"modified":"2024-03-15T09:42:11","modified_gmt":"2024-03-15T09:42:11","slug":"tucholski-park-krajobrazowy-mapa-cyfrowa-rozne-formaty","status":"publish","type":"product","link":"https:\/\/wirtualneszlaki.pl\/sklep\/produkt\/tucholski-park-krajobrazowy-mapa-cyfrowa-rozne-formaty\/","title":{"rendered":"Tucholski Park Krajobrazowy &#8211; mapa cyfrowa (r\u00f3\u017cne formaty)"},"content":{"rendered":"<p>Bardzo dok\u0142adna mapa kujawsko-pomorskiej cz\u0119\u015bci Bor\u00f3w Tucholskich. Czytelny rysunek zawiera informacje m.in. o:<\/p>\n<ul>\n<li>rze\u017abie i pokryciu terenu (lasy, jeziora)<\/li>\n<li>szlakach pieszych, rowerowych i kajakowych (szlak Brdy)<\/li>\n<li>zabytkach<\/li>\n<li>obiektach przyrodniczych<\/li>\n<\/ul>\n<h2>Zakres mapy<\/h2>\n<p>Mapa obejmuje obszar Bor\u00f3w Tucholskich w okolicach Tucholi, Rytla i Czerska, du\u017cy fragment Zalewu Koronowskiego i Brdy.<\/p>\n<h2>Uk\u0142ad wsp\u00f3\u0142rz\u0119dnych<\/h2>\n<p>&#8222;PUWG 1992&#8243;(UK\u0141AD 1992, UK\u0141AD 92, ETRS89 \/ Poland CS92, Kod EPSG: 2180)<\/p>\n<p>(brak siatki geograficznej)<\/p>\n<h2>Skala<\/h2>\n<p>1:50 000 (idealna do w\u0119dr\u00f3wek pieszych i wycieczek rowerowych)<\/p>\n<h2>Dost\u0119pne formaty<\/h2>\n<ul>\n<li>plik .pdf &#8211; do wygodnego przegl\u0105dania na komputerze, telefonie<\/li>\n<li>plik .tar &#8211; kompatybilny z aplikacjami TrekBuddy i Locus Map<\/li>\n<li>plik .sqlitedb &#8211; kompatybilny z popularnymi aplikacjami nawigacyjnymi OsmAnd i Locus Map<\/li>\n<li>plik .mbtiles &#8211; do zastosowania w niekt\u00f3rych aplikacjach mobilnych (Locus Map, OruxMaps)<\/li>\n<li>plik .png + pliki kalibracyjne (.gmi, .jpr, .map, .mcd, .p2g, .txr, .cal, tfw) &#8211; umo\u017cliwiaj\u0105 wy\u015bwietlenie mapy i przekonwertowanie do innych format\u00f3w w programach QGIS, OziExplorer i innych<\/li>\n<\/ul>\n","protected":false},"excerpt":{"rendered":"<strong>Dostawa: <\/strong>natychmiast (plik do pobrania)","protected":false},"featured_media":2200,"comment_status":"open","ping_status":"closed","template":"","meta":{"_acf_changed":false,"_et_pb_use_builder":"","_et_pb_old_content":"","_et_gb_content_width":""},"product_brand":[],"product_cat":[20,234,1703],"product_tag":[],"okolice":[],"powiaty":[],"gminy":[],"obszary_chronione":[],"mezoregiony":[],"miejscowosci":[],"wojewodztwa":[],"class_list":{"0":"post-2410","1":"product","2":"type-product","3":"status-publish","4":"has-post-thumbnail","6":"product_cat-mapy-cyfrowe","7":"product_cat-komercyjne","8":"product_cat-wydawnictwo-eko-kapio","10":"first","11":"instock","12":"featured","13":"shipping-taxable","14":"purchasable","15":"product-type-variable"},"acf":[],"_links":{"self":[{"href":"https:\/\/wirtualneszlaki.pl\/sklep\/wp-json\/wp\/v2\/product\/2410","targetHints":{"allow":["GET"]}}],"collection":[{"href":"https:\/\/wirtualneszlaki.pl\/sklep\/wp-json\/wp\/v2\/product"}],"about":[{"href":"https:\/\/wirtualneszlaki.pl\/sklep\/wp-json\/wp\/v2\/types\/product"}],"replies":[{"embeddable":true,"href":"https:\/\/wirtualneszlaki.pl\/sklep\/wp-json\/wp\/v2\/comments?post=2410"}],"wp:featuredmedia":[{"embeddable":true,"href":"https:\/\/wirtualneszlaki.pl\/sklep\/wp-json\/wp\/v2\/media\/2200"}],"wp:attachment":[{"href":"https:\/\/wirtualneszlaki.pl\/sklep\/wp-json\/wp\/v2\/media?parent=2410"}],"wp:term":[{"taxonomy":"product_brand","embeddable":true,"href":"https:\/\/wirtualneszlaki.pl\/sklep\/wp-json\/wp\/v2\/product_brand?post=2410"},{"taxonomy":"product_cat","embeddable":true,"href":"https:\/\/wirtualneszlaki.pl\/sklep\/wp-json\/wp\/v2\/product_cat?post=2410"},{"taxonomy":"product_tag","embeddable":true,"href":"https:\/\/wirtualneszlaki.pl\/sklep\/wp-json\/wp\/v2\/product_tag?post=2410"},{"taxonomy":"okolice","embeddable":true,"href":"https:\/\/wirtualneszlaki.pl\/sklep\/wp-json\/wp\/v2\/okolice?post=2410"},{"taxonomy":"powiaty","embeddable":true,"href":"https:\/\/wirtualneszlaki.pl\/sklep\/wp-json\/wp\/v2\/powiaty?post=2410"},{"taxonomy":"gminy","embeddable":true,"href":"https:\/\/wirtualneszlaki.pl\/sklep\/wp-json\/wp\/v2\/gminy?post=2410"},{"taxonomy":"obszary_chronione","embeddable":true,"href":"https:\/\/wirtualneszlaki.pl\/sklep\/wp-json\/wp\/v2\/obszary_chronione?post=2410"},{"taxonomy":"mezoregiony","embeddable":true,"href":"https:\/\/wirtualneszlaki.pl\/sklep\/wp-json\/wp\/v2\/mezoregiony?post=2410"},{"taxonomy":"miejscowosci","embeddable":true,"href":"https:\/\/wirtualneszlaki.pl\/sklep\/wp-json\/wp\/v2\/miejscowosci?post=2410"},{"taxonomy":"wojewodztwa","embeddable":true,"href":"https:\/\/wirtualneszlaki.pl\/sklep\/wp-json\/wp\/v2\/wojewodztwa?post=2410"}],"curies":[{"name":"wp","href":"https:\/\/api.w.org\/{rel}","templated":true}]}}