{"id":2794,"date":"2021-07-25T11:11:18","date_gmt":"2021-07-25T11:11:18","guid":{"rendered":"https:\/\/wirtualneszlaki.pl\/sklep\/?post_type=product&#038;p=2794"},"modified":"2024-03-15T09:43:03","modified_gmt":"2024-03-15T09:43:03","slug":"wdzydzki-park-krajobrazowy-125-000-mapa-pdf","status":"publish","type":"product","link":"https:\/\/wirtualneszlaki.pl\/sklep\/produkt\/wdzydzki-park-krajobrazowy-125-000-mapa-pdf\/","title":{"rendered":"Wdzydzki Park Krajobrazowy (1:25 000) &#8211; mapa PDF"},"content":{"rendered":"<p><strong>Bardzo dok\u0142adna<\/strong> (skala 1:25000!) mapa Wdzydzkiego Parku Krajobrazowego, okolic miejscowo\u015bci Lipusz, Kalisz, Dziemiany, Wiele, Wdzydze, Ko\u015bcierzyna (po\u0142udnie). Czytelny rysunek zawiera informacje m.in. o:<\/p>\n<ul>\n<li>rze\u017abie i pokryciu terenu (lasy, jeziora)<\/li>\n<li>szlakach pieszych, rowerowych i kajakowych (w tym szlaki na jeziorach Wdzydze, Go\u0142u\u0144, Radolne, Wdzie, Kanale Wdy)<\/li>\n<li>ciekawych miejscach, zabytkach, obiektach przyrodniczych<\/li>\n<\/ul>\n<p>Mapa \u015bwietnie uzupe\u0142nia si\u0119 z mapami\u00a0 <a href=\"https:\/\/wirtualneszlaki.pl\/sklep\/produkt\/park-narodowy-bory-tucholskie-i-zaborski-pk-mapa-pdf\/\">Park Narodowy Bory Tucholskie i Zaborski PK <\/a>(pdf) i <a href=\"https:\/\/wirtualneszlaki.pl\/sklep\/produkt\/tucholski-park-krajobrazowy-mapa-cyfrowa-150-000\/\">Tucholski Park Krajobrazowy<\/a> (pdf) dost\u0119pnymi w naszym sklepie<\/p>\n<h2>Zakres mapy<\/h2>\n<p>Mapa obejmuje obszar Wdzydzkiego Park Krajobrazowego, w tym okolic Jeziora Wdzydze<\/p>\n<h2>Uk\u0142ad wsp\u00f3\u0142rz\u0119dnych<\/h2>\n<p>&#8222;PUWG 1992&#8243;(UK\u0141AD 1992, UK\u0141AD 92, ETRS89 \/ Poland CS92, Kod EPSG: 2180)<\/p>\n<p>(mapa posiada siatk\u0119 geograficzn\u0105)<\/p>\n<h2>Skala<\/h2>\n<p>1:25 000 (idealna do w\u0119dr\u00f3wek pieszych i wycieczek rowerowych)<\/p>\n<h2>Dost\u0119pne formaty<\/h2>\n<ul>\n<li>plik .pdf &#8211; do wygodnego przegl\u0105dania na komputerze, telefonie<\/li>\n<\/ul>\n","protected":false},"excerpt":{"rendered":"Najdok\u0142adniejsza mapa turystyczna okolic Wdzydzkiego Parku Krajobrazowego i okolic Jeziora Wdzydze.\r\n\r\n<strong>Dostawa: <\/strong>natychmiast (plik PDF do pobrania)\r\n\r\n<strong>Data wydania:<\/strong> 2021 r.","protected":false},"featured_media":2796,"comment_status":"open","ping_status":"closed","template":"","meta":{"_acf_changed":false,"_et_pb_use_builder":"","_et_pb_old_content":"","_et_gb_content_width":""},"product_brand":[],"product_cat":[20,234,1641,1703],"product_tag":[],"okolice":[],"powiaty":[488,483],"gminy":[1009,611,1448,1008,1660,1449,1661],"obszary_chronione":[1538],"mezoregiony":[666,1702,1540],"miejscowosci":[1668,1698,1665,1669,1673,1528,1522,1670,1674,1523,1675,1524,657,1503,1676,1677,1664,1110,1530,1531,1678,1679,1478,1680,1681,1682,1671,1139,1683,1699,1684,1685,1662,1700,1525,1666,1697,1529,1526,1686,1687,1667,1701,1688,1689,1696,1690,1532,1527,1691,1692,1672,1246,1693,1694,1695,1663,1535],"wojewodztwa":[481],"class_list":{"0":"post-2794","1":"product","2":"type-product","3":"status-publish","4":"has-post-thumbnail","6":"product_cat-mapy-cyfrowe","7":"product_cat-komercyjne","8":"product_cat-mapy-pdf","9":"product_cat-wydawnictwo-eko-kapio","10":"powiaty-chojnicki-powiat","11":"powiaty-koscierski-powiat","12":"gminy-brusy-gmina","13":"gminy-czersk-gmina","14":"gminy-dziemiany-gmina","15":"gminy-karsin-gmina","16":"gminy-koscierzyna-gmina","17":"gminy-lipusz-gmina","18":"gminy-stara-kiszewa-gmina","19":"obszary_chronione-wdzydzki-park-krajobrazowy","20":"mezoregiony-bory-tucholskie","21":"mezoregiony-pojezierze-kaszubskie","22":"mezoregiony-rownina-charzykowska","23":"miejscowosci-bak","24":"miejscowosci-bartoszylas","25":"miejscowosci-belfort","26":"miejscowosci-borsk","27":"miejscowosci-czarlina","28":"miejscowosci-dabrowa","29":"miejscowosci-dziemiany","30":"miejscowosci-gorki","31":"miejscowosci-grzybowo","32":"miejscowosci-jastrzebie-dziemianskie","33":"miejscowosci-juszki","34":"miejscowosci-kalisz","35":"miejscowosci-karsin","36":"miejscowosci-konarzyny","37":"miejscowosci-korne","38":"miejscowosci-koscierska-huta","39":"miejscowosci-koscierzyna","40":"miejscowosci-kosobudy","41":"miejscowosci-lipuska-huta","42":"miejscowosci-lipusz","43":"miejscowosci-lizaki","44":"miejscowosci-loryniec","45":"miejscowosci-lubnia","46":"miejscowosci-lubiana","47":"miejscowosci-maly-klincz","48":"miejscowosci-maly-podles","49":"miejscowosci-miedzno","50":"miejscowosci-mokre","51":"miejscowosci-nowa-kiszewa","52":"miejscowosci-nowy-bukowiec","53":"miejscowosci-nowy-klincz","54":"miejscowosci-nowy-podles","55":"miejscowosci-odry","56":"miejscowosci-olpuch","57":"miejscowosci-piechowice","58":"miejscowosci-plesy","59":"miejscowosci-plocice","60":"miejscowosci-przytarnia","61":"miejscowosci-radun","62":"miejscowosci-rotembark","63":"miejscowosci-sarnowy","64":"miejscowosci-schodno","65":"miejscowosci-stary-bukowiec","66":"miejscowosci-stawiska","67":"miejscowosci-sycowa-huta","68":"miejscowosci-szarlota","69":"miejscowosci-szenajda","70":"miejscowosci-szklana-huta","71":"miejscowosci-trzebun","72":"miejscowosci-waglikowice","73":"miejscowosci-wdzydze","74":"miejscowosci-wdzydze-tucholskie","75":"miejscowosci-wiele","76":"miejscowosci-wielki-klincz","77":"miejscowosci-wielki-podles","78":"miejscowosci-wieprznica","79":"miejscowosci-wojtal","80":"miejscowosci-wyrowno","81":"wojewodztwa-pomorskie","83":"first","84":"instock","85":"featured","86":"shipping-taxable","87":"purchasable","88":"product-type-variable","89":"has-default-attributes"},"acf":[],"_links":{"self":[{"href":"https:\/\/wirtualneszlaki.pl\/sklep\/wp-json\/wp\/v2\/product\/2794","targetHints":{"allow":["GET"]}}],"collection":[{"href":"https:\/\/wirtualneszlaki.pl\/sklep\/wp-json\/wp\/v2\/product"}],"about":[{"href":"https:\/\/wirtualneszlaki.pl\/sklep\/wp-json\/wp\/v2\/types\/product"}],"replies":[{"embeddable":true,"href":"https:\/\/wirtualneszlaki.pl\/sklep\/wp-json\/wp\/v2\/comments?post=2794"}],"wp:featuredmedia":[{"embeddable":true,"href":"https:\/\/wirtualneszlaki.pl\/sklep\/wp-json\/wp\/v2\/media\/2796"}],"wp:attachment":[{"href":"https:\/\/wirtualneszlaki.pl\/sklep\/wp-json\/wp\/v2\/media?parent=2794"}],"wp:term":[{"taxonomy":"product_brand","embeddable":true,"href":"https:\/\/wirtualneszlaki.pl\/sklep\/wp-json\/wp\/v2\/product_brand?post=2794"},{"taxonomy":"product_cat","embeddable":true,"href":"https:\/\/wirtualneszlaki.pl\/sklep\/wp-json\/wp\/v2\/product_cat?post=2794"},{"taxonomy":"product_tag","embeddable":true,"href":"https:\/\/wirtualneszlaki.pl\/sklep\/wp-json\/wp\/v2\/product_tag?post=2794"},{"taxonomy":"okolice","embeddable":true,"href":"https:\/\/wirtualneszlaki.pl\/sklep\/wp-json\/wp\/v2\/okolice?post=2794"},{"taxonomy":"powiaty","embeddable":true,"href":"https:\/\/wirtualneszlaki.pl\/sklep\/wp-json\/wp\/v2\/powiaty?post=2794"},{"taxonomy":"gminy","embeddable":true,"href":"https:\/\/wirtualneszlaki.pl\/sklep\/wp-json\/wp\/v2\/gminy?post=2794"},{"taxonomy":"obszary_chronione","embeddable":true,"href":"https:\/\/wirtualneszlaki.pl\/sklep\/wp-json\/wp\/v2\/obszary_chronione?post=2794"},{"taxonomy":"mezoregiony","embeddable":true,"href":"https:\/\/wirtualneszlaki.pl\/sklep\/wp-json\/wp\/v2\/mezoregiony?post=2794"},{"taxonomy":"miejscowosci","embeddable":true,"href":"https:\/\/wirtualneszlaki.pl\/sklep\/wp-json\/wp\/v2\/miejscowosci?post=2794"},{"taxonomy":"wojewodztwa","embeddable":true,"href":"https:\/\/wirtualneszlaki.pl\/sklep\/wp-json\/wp\/v2\/wojewodztwa?post=2794"}],"curies":[{"name":"wp","href":"https:\/\/api.w.org\/{rel}","templated":true}]}}