{"id":4466,"date":"2023-05-18T11:11:34","date_gmt":"2023-05-18T11:11:34","guid":{"rendered":"https:\/\/wirtualneszlaki.pl\/sklep\/?post_type=product&#038;p=4466"},"modified":"2023-05-18T11:11:35","modified_gmt":"2023-05-18T11:11:35","slug":"opracowanie-mapy","status":"publish","type":"product","link":"https:\/\/wirtualneszlaki.pl\/sklep\/produkt\/opracowanie-mapy\/","title":{"rendered":"Opracowanie mapy"},"content":{"rendered":"<p>Opracowanie mapy w wed\u0142ug indywidualnych wytycznych. Przed zakupem prosz\u0119 o <a href=\"\/kontakt\">kontakt<\/a> w celu ustalenia szczeg\u00f3\u0142\u00f3w dotycz\u0105cych zakresu prac i ostatecznej wyceny.<\/p>\n","protected":false},"excerpt":{"rendered":"Opracowanie mapy w wed\u0142ug indywidualnych wytycznych. Przed zakupem prosz\u0119 o kontakt w celu ustalenia szczeg\u00f3\u0142\u00f3w dotycz\u0105cych zakresu prac i ostatecznej wyceny.","protected":false},"featured_media":0,"comment_status":"open","ping_status":"closed","template":"","meta":{"_acf_changed":false,"_et_pb_use_builder":"","_et_pb_old_content":"","_et_gb_content_width":""},"product_brand":[],"product_cat":[20],"product_tag":[],"okolice":[],"powiaty":[],"gminy":[],"obszary_chronione":[],"mezoregiony":[],"miejscowosci":[],"wojewodztwa":[],"class_list":{"0":"post-4466","1":"product","2":"type-product","3":"status-publish","5":"product_cat-mapy-cyfrowe","7":"first","8":"instock","9":"virtual","10":"purchasable","11":"product-type-simple"},"acf":[],"_links":{"self":[{"href":"https:\/\/wirtualneszlaki.pl\/sklep\/wp-json\/wp\/v2\/product\/4466","targetHints":{"allow":["GET"]}}],"collection":[{"href":"https:\/\/wirtualneszlaki.pl\/sklep\/wp-json\/wp\/v2\/product"}],"about":[{"href":"https:\/\/wirtualneszlaki.pl\/sklep\/wp-json\/wp\/v2\/types\/product"}],"replies":[{"embeddable":true,"href":"https:\/\/wirtualneszlaki.pl\/sklep\/wp-json\/wp\/v2\/comments?post=4466"}],"wp:attachment":[{"href":"https:\/\/wirtualneszlaki.pl\/sklep\/wp-json\/wp\/v2\/media?parent=4466"}],"wp:term":[{"taxonomy":"product_brand","embeddable":true,"href":"https:\/\/wirtualneszlaki.pl\/sklep\/wp-json\/wp\/v2\/product_brand?post=4466"},{"taxonomy":"product_cat","embeddable":true,"href":"https:\/\/wirtualneszlaki.pl\/sklep\/wp-json\/wp\/v2\/product_cat?post=4466"},{"taxonomy":"product_tag","embeddable":true,"href":"https:\/\/wirtualneszlaki.pl\/sklep\/wp-json\/wp\/v2\/product_tag?post=4466"},{"taxonomy":"okolice","embeddable":true,"href":"https:\/\/wirtualneszlaki.pl\/sklep\/wp-json\/wp\/v2\/okolice?post=4466"},{"taxonomy":"powiaty","embeddable":true,"href":"https:\/\/wirtualneszlaki.pl\/sklep\/wp-json\/wp\/v2\/powiaty?post=4466"},{"taxonomy":"gminy","embeddable":true,"href":"https:\/\/wirtualneszlaki.pl\/sklep\/wp-json\/wp\/v2\/gminy?post=4466"},{"taxonomy":"obszary_chronione","embeddable":true,"href":"https:\/\/wirtualneszlaki.pl\/sklep\/wp-json\/wp\/v2\/obszary_chronione?post=4466"},{"taxonomy":"mezoregiony","embeddable":true,"href":"https:\/\/wirtualneszlaki.pl\/sklep\/wp-json\/wp\/v2\/mezoregiony?post=4466"},{"taxonomy":"miejscowosci","embeddable":true,"href":"https:\/\/wirtualneszlaki.pl\/sklep\/wp-json\/wp\/v2\/miejscowosci?post=4466"},{"taxonomy":"wojewodztwa","embeddable":true,"href":"https:\/\/wirtualneszlaki.pl\/sklep\/wp-json\/wp\/v2\/wojewodztwa?post=4466"}],"curies":[{"name":"wp","href":"https:\/\/api.w.org\/{rel}","templated":true}]}}